{"id":1452,"date":"2014-10-07T15:19:41","date_gmt":"2014-10-07T13:19:41","guid":{"rendered":"http:\/\/avar.fr\/?page_id=1452"},"modified":"2015-12-06T11:49:40","modified_gmt":"2015-12-06T10:49:40","slug":"calendrier-2015","status":"publish","type":"page","link":"http:\/\/avar.fr\/?page_id=1452","title":{"rendered":"Calendrier 2015"},"content":{"rendered":"<h2><span style=\"color: #0000ff;\">Janvier 2015<\/span><\/h2>\n<ul>\n<li>Rassemblement Canet\u00a04 janvier 2015<\/li>\n<li>R\u00e9union mensuelle du club\u00a0\u00a015 janvier 2015<\/li>\n<li>Galette des Rois 15 janvier 2015<\/li>\n<li><a href=\"http:\/\/acm.mc\/rallye-monte-carlo-historique-2015-teaser\/\" target=\"_blank\">Monte Carlo Historique 28 janvier au 4 f\u00e9vrier 2015<\/a><\/li>\n<li>Monte Carlo Historique passage \u00e0 Am\u00e9lie les Bains la nuit du 30 au 31 janvier 2015<\/li>\n<\/ul>\n<h2><span style=\"color: #0000ff;\">F\u00e9vrier 2015<\/span><\/h2>\n<ul>\n<li>R\u00e9union mensuelle du club 5 f\u00e9vrier 2015<\/li>\n<li><a href=\"http:\/\/www.retromobile.com\/\">R\u00e9tromobile Paris 4 &#8211; 8 f\u00e9vrier 2015<\/a><\/li>\n<li><em>Sortie Esmorza 8 f\u00e9vrier 2015<\/em><\/li>\n<li>Rassemblement Canet 8 f\u00e9vrier 2015<\/li>\n<li><a href=\"http:\/\/avar.fr\/?p=1594\">Travers\u00e9e de Perpignan 22 f\u00e9vrier 2015<\/a><\/li>\n<\/ul>\n<h2>\u00a0<span style=\"color: #0000ff;\">Mars 2015<\/span><\/h2>\n<ul>\n<li>R\u00e9union mensuelle du club 5 mars 2015<\/li>\n<li><a href=\"http:\/\/historic3a66.free.fr\/regularite\/tramontane\/tramontane.htm\">Tramontane Classic 7-8 mars 2015<\/a><\/li>\n<li><a href=\"https:\/\/sites.google.com\/site\/crac66\/liens\/news\/crac66bourse2015\">7e Exposition Voitures Anciennes et Bourse Echange Am\u00e9lie les Bains 7-8 mars 2015<\/a><\/li>\n<li>Sortie Esmorza 8\u00a0mars 2015<\/li>\n<li>Rassemblement Canet 8\u00a0mars 2015<\/li>\n<li><a href=\"http:\/\/www.avignon-motor-festival.com\/\" target=\"_blank\">Avignon motor Festival 20 &#8211; 22 mars 2015<\/a><\/li>\n<li><a href=\"http:\/\/historic3a66.free.fr\/regularite\/longcapot\/longcapot.htm\">Nuit des longs capots 28-29 mars 2015<\/a><\/li>\n<\/ul>\n<h2><span style=\"color: #0000ff;\">Avril 2015<\/span><\/h2>\n<ul>\n<li>R\u00e9union mensuelle du club\u00a02 avril 2015<\/li>\n<li>Sortie Esmorza\u00a05\u00a0avril 2015<\/li>\n<li>Rassemblement Canet\u00a05\u00a0avril 2015<\/li>\n<li><span style=\"color: #993366;\"><a href=\"http:\/\/www.siha.de\/tce_uk.php?m=3&amp;ms=1\" target=\"_blank\"><span style=\"color: #993366;\">Technoclassic Essen 15 &#8211; 19 avril 2015<\/span><\/a><\/span><\/li>\n<li><a href=\"http:\/\/espiritudemontjuic.com\/fr\" target=\"_blank\">Espiritu de Montjuic 17 -19 avril 2015<\/a><\/li>\n<li><em>Rallye du Vallespir 18-19 avril 2015<\/em><\/li>\n<li><a href=\"http:\/\/peterauto.peter.fr\/fr\/evenement\/presentation\/id\/79\/evenement\/Tour+Auto+Optic+2ooo\" target=\"_blank\">Tour auto 20 &#8211; 25 avril 2015<\/a><\/li>\n<\/ul>\n<h2><span style=\"color: #0000ff;\">Mai 2015<\/span><\/h2>\n<ul>\n<li><a href=\"http:\/\/avar.fr\/?attachment_id=1539\">Course c\u00f4te historique de Corsavy 9 &amp; 10 mai 2015<\/a><\/li>\n<li><a href=\"http:\/\/www.grandprixdepau.fr\/historique\/\">Grand Prix Historique de Pau 23-24 mai 2015<\/a><\/li>\n<\/ul>\n<h2><span style=\"color: #0000ff;\">Juin 2015<\/span><\/h2>\n<ul>\n<li><a href=\"http:\/\/avar.fr\/?p=1580\">Pays de Loz\u00e8re Historique 20-21 juin 2015<\/a><\/li>\n<li><a href=\"https:\/\/grrc.goodwood.com\/section\/festival-of-speed\/?_ga=1.24792122.1035443032.1421309144\">Goodwood festival of speed 25- 28 juin 2015<\/a><\/li>\n<li><a href=\"http:\/\/avar.fr\/?attachment_id=1540\">6e boucle du Vallespir 27 &amp; 28 juin 2015<\/a><\/li>\n<\/ul>\n<h2><span style=\"color: #0000ff;\">Juillet 2015<\/span><\/h2>\n<ul>\n<li><em>Rassemblement Canet<\/em><\/li>\n<\/ul>\n<h2><span style=\"color: #0000ff;\">Ao\u00fbt 2015<\/span><\/h2>\n<ul>\n<li><em>Rassemblement Canet<\/em><\/li>\n<\/ul>\n<h2><span style=\"color: #0000ff;\">Septembre 2015<\/span><\/h2>\n<ul>\n<li><em>R\u00e9union mensuelle du club<\/em><\/li>\n<li><em>Rassemblement Canet<\/em><\/li>\n<li><em>Sortie Esmorzar<\/em><\/li>\n<li><a href=\"https:\/\/grrc.goodwood.com\/section\/goodwood-revival\/\">Goodwood revival en Angleterre 11 &#8211; 13 septembre 2015<\/a><\/li>\n<\/ul>\n<h2><span style=\"color: #0000ff;\">Octobre 2015<\/span><\/h2>\n<ul>\n<li><em>R\u00e9union mensuelle du club<\/em><\/li>\n<li><em>Rassemblement Canet<\/em><\/li>\n<li><em>Sortie Esmorzar<\/em><\/li>\n<li><em>Cr\u00e9t\u00e9rium des C\u00e9vennes VHC<\/em><\/li>\n<\/ul>\n<h2><span style=\"color: #0000ff;\">Novembre 2015<\/span><\/h2>\n<ul>\n<li><em>R\u00e9union mensuelle du club<br \/>\n<\/em><\/li>\n<li><em>Rassemblement Canet<\/em><\/li>\n<li><em>Sortie Esmorzar<\/em><\/li>\n<li><em>Rallye des fenouill\u00e8des VHC<\/em><\/li>\n<\/ul>\n<h2><span style=\"color: #0000ff;\">D\u00e9cembre 2015<\/span><\/h2>\n<ul>\n<li>Auto R\u00e9tro Barcelone 4 au 8 d\u00e9cembre 2015<\/li>\n<li>R\u00e9union mensuelle du club 3 d\u00e9cembre 201<em>5<br \/>\n<\/em><\/li>\n<li>Rassemblement Canet 6 d\u00e9cembre 2015<em><br \/>\n<\/em><\/li>\n<li><em>Sortie Esmorzar<\/em><\/li>\n<\/ul>\n","protected":false},"excerpt":{"rendered":"<p>Janvier 2015 Rassemblement Canet\u00a04 janvier 2015 R\u00e9union mensuelle du club\u00a0\u00a015 janvier 2015 Galette des Rois 15 janvier 2015 Monte Carlo Historique 28 janvier au 4 f\u00e9vrier 2015 Monte Carlo Historique passage \u00e0 Am\u00e9lie les Bains la nuit du 30 au &hellip; <a href=\"http:\/\/avar.fr\/?page_id=1452\">Continuer la lecture <span class=\"meta-nav\">&rarr;<\/span><\/a><\/p>\n","protected":false},"author":1,"featured_media":0,"parent":20,"menu_order":0,"comment_status":"closed","ping_status":"closed","template":"","meta":[],"_links":{"self":[{"href":"http:\/\/avar.fr\/index.php?rest_route=\/wp\/v2\/pages\/1452"}],"collection":[{"href":"http:\/\/avar.fr\/index.php?rest_route=\/wp\/v2\/pages"}],"about":[{"href":"http:\/\/avar.fr\/index.php?rest_route=\/wp\/v2\/types\/page"}],"author":[{"embeddable":true,"href":"http:\/\/avar.fr\/index.php?rest_route=\/wp\/v2\/users\/1"}],"replies":[{"embeddable":true,"href":"http:\/\/avar.fr\/index.php?rest_route=%2Fwp%2Fv2%2Fcomments&post=1452"}],"version-history":[{"count":33,"href":"http:\/\/avar.fr\/index.php?rest_route=\/wp\/v2\/pages\/1452\/revisions"}],"predecessor-version":[{"id":1749,"href":"http:\/\/avar.fr\/index.php?rest_route=\/wp\/v2\/pages\/1452\/revisions\/1749"}],"up":[{"embeddable":true,"href":"http:\/\/avar.fr\/index.php?rest_route=\/wp\/v2\/pages\/20"}],"wp:attachment":[{"href":"http:\/\/avar.fr\/index.php?rest_route=%2Fwp%2Fv2%2Fmedia&parent=1452"}],"curies":[{"name":"wp","href":"https:\/\/api.w.org\/{rel}","templated":true}]}}