{"id":1841,"date":"2016-04-09T12:36:41","date_gmt":"2016-04-09T10:36:41","guid":{"rendered":"http:\/\/avar.fr\/?page_id=1841"},"modified":"2017-04-19T10:18:57","modified_gmt":"2017-04-19T08:18:57","slug":"2e-traversee-et-tour-de-perpignan-17-avril-2016","status":"publish","type":"page","link":"http:\/\/avar.fr\/?page_id=1841","title":{"rendered":"2e Travers\u00e9e et tour de Perpignan 17 avril 2016"},"content":{"rendered":"<p><span style=\"color: #0000ff;\"><a style=\"color: #0000ff;\" href=\"http:\/\/avar.fr\/?attachment_id=1833\">La plaque<\/a><\/span><\/p>\n<p><span style=\"color: #0000ff;\"><a style=\"color: #0000ff;\" href=\"http:\/\/avar.fr\/?attachment_id=1838\">Le parcours<\/a><\/span><\/p>\n<p><span style=\"color: #0000ff;\"><a style=\"color: #0000ff;\" href=\"http:\/\/avar.fr\/?attachment_id=1856\">Liste des engag\u00e9s cat\u00e9gorie voiture page 1<\/a><\/span><\/p>\n<p><span style=\"color: #0000ff;\"><a style=\"color: #0000ff;\" href=\"http:\/\/avar.fr\/?attachment_id=1854\">Liste des engag\u00e9s cat\u00e9gorie voiture page 2<\/a><\/span><\/p>\n<p><span style=\"color: #0000ff;\"><a style=\"color: #0000ff;\" href=\"http:\/\/avar.fr\/?attachment_id=1855\">Liste des engag\u00e9s cat\u00e9gorie voiture page 3<\/a><\/span><\/p>\n<p><span style=\"color: #0000ff;\"><a style=\"color: #0000ff;\" href=\"http:\/\/avar.fr\/?attachment_id=1858\">Liste des engag\u00e9s cat\u00e9gorie moto et scooter<\/a><\/span><\/p>\n","protected":false},"excerpt":{"rendered":"<p>La plaque Le parcours Liste des engag\u00e9s cat\u00e9gorie voiture page 1 Liste des engag\u00e9s cat\u00e9gorie voiture page 2 Liste des engag\u00e9s cat\u00e9gorie voiture page 3 Liste des engag\u00e9s cat\u00e9gorie moto et scooter<\/p>\n","protected":false},"author":1,"featured_media":0,"parent":68,"menu_order":0,"comment_status":"closed","ping_status":"closed","template":"","meta":[],"_links":{"self":[{"href":"http:\/\/avar.fr\/index.php?rest_route=\/wp\/v2\/pages\/1841"}],"collection":[{"href":"http:\/\/avar.fr\/index.php?rest_route=\/wp\/v2\/pages"}],"about":[{"href":"http:\/\/avar.fr\/index.php?rest_route=\/wp\/v2\/types\/page"}],"author":[{"embeddable":true,"href":"http:\/\/avar.fr\/index.php?rest_route=\/wp\/v2\/users\/1"}],"replies":[{"embeddable":true,"href":"http:\/\/avar.fr\/index.php?rest_route=%2Fwp%2Fv2%2Fcomments&post=1841"}],"version-history":[{"count":11,"href":"http:\/\/avar.fr\/index.php?rest_route=\/wp\/v2\/pages\/1841\/revisions"}],"predecessor-version":[{"id":1863,"href":"http:\/\/avar.fr\/index.php?rest_route=\/wp\/v2\/pages\/1841\/revisions\/1863"}],"up":[{"embeddable":true,"href":"http:\/\/avar.fr\/index.php?rest_route=\/wp\/v2\/pages\/68"}],"wp:attachment":[{"href":"http:\/\/avar.fr\/index.php?rest_route=%2Fwp%2Fv2%2Fmedia&parent=1841"}],"curies":[{"name":"wp","href":"https:\/\/api.w.org\/{rel}","templated":true}]}}