{"id":3707,"date":"2021-11-05T09:06:52","date_gmt":"2021-11-05T08:06:52","guid":{"rendered":"http:\/\/avar.fr\/?page_id=3707"},"modified":"2021-11-05T09:06:52","modified_gmt":"2021-11-05T08:06:52","slug":"sortie-octobre-2021","status":"publish","type":"page","link":"http:\/\/avar.fr\/?page_id=3707","title":{"rendered":"Sortie Octobre 2021"},"content":{"rendered":"<p><a href=\"http:\/\/avar.fr\/wp-content\/uploads\/2021\/11\/DSC_0001.jpg\"><img decoding=\"async\" loading=\"lazy\" class=\"alignleft size-medium wp-image-3708\" src=\"http:\/\/avar.fr\/wp-content\/uploads\/2021\/11\/DSC_0001-300x199.jpg\" alt=\"\" width=\"300\" height=\"199\" srcset=\"http:\/\/avar.fr\/wp-content\/uploads\/2021\/11\/DSC_0001-300x199.jpg 300w, http:\/\/avar.fr\/wp-content\/uploads\/2021\/11\/DSC_0001-768x509.jpg 768w, http:\/\/avar.fr\/wp-content\/uploads\/2021\/11\/DSC_0001-1024x678.jpg 1024w\" sizes=\"(max-width: 300px) 100vw, 300px\" \/><\/a> <a href=\"http:\/\/avar.fr\/wp-content\/uploads\/2021\/11\/DSC_0002.jpg\"><img decoding=\"async\" loading=\"lazy\" class=\"alignleft size-medium wp-image-3709\" src=\"http:\/\/avar.fr\/wp-content\/uploads\/2021\/11\/DSC_0002-300x199.jpg\" alt=\"\" width=\"300\" height=\"199\" srcset=\"http:\/\/avar.fr\/wp-content\/uploads\/2021\/11\/DSC_0002-300x199.jpg 300w, http:\/\/avar.fr\/wp-content\/uploads\/2021\/11\/DSC_0002-768x509.jpg 768w, http:\/\/avar.fr\/wp-content\/uploads\/2021\/11\/DSC_0002-1024x678.jpg 1024w\" sizes=\"(max-width: 300px) 100vw, 300px\" \/><\/a> <a href=\"http:\/\/avar.fr\/wp-content\/uploads\/2021\/11\/DSC_0003.jpg\"><img decoding=\"async\" loading=\"lazy\" class=\"alignleft size-medium wp-image-3710\" src=\"http:\/\/avar.fr\/wp-content\/uploads\/2021\/11\/DSC_0003-300x199.jpg\" alt=\"\" width=\"300\" height=\"199\" srcset=\"http:\/\/avar.fr\/wp-content\/uploads\/2021\/11\/DSC_0003-300x199.jpg 300w, http:\/\/avar.fr\/wp-content\/uploads\/2021\/11\/DSC_0003-768x509.jpg 768w, http:\/\/avar.fr\/wp-content\/uploads\/2021\/11\/DSC_0003-1024x678.jpg 1024w\" sizes=\"(max-width: 300px) 100vw, 300px\" \/><\/a> <a href=\"http:\/\/avar.fr\/wp-content\/uploads\/2021\/11\/DSC_0004.jpg\"><img decoding=\"async\" loading=\"lazy\" class=\"alignleft size-medium wp-image-3711\" src=\"http:\/\/avar.fr\/wp-content\/uploads\/2021\/11\/DSC_0004-300x199.jpg\" alt=\"\" width=\"300\" height=\"199\" srcset=\"http:\/\/avar.fr\/wp-content\/uploads\/2021\/11\/DSC_0004-300x199.jpg 300w, http:\/\/avar.fr\/wp-content\/uploads\/2021\/11\/DSC_0004-768x509.jpg 768w, http:\/\/avar.fr\/wp-content\/uploads\/2021\/11\/DSC_0004-1024x678.jpg 1024w\" sizes=\"(max-width: 300px) 100vw, 300px\" \/><\/a> <a href=\"http:\/\/avar.fr\/wp-content\/uploads\/2021\/11\/DSC_0005.jpg\"><img decoding=\"async\" loading=\"lazy\" class=\"alignleft size-medium wp-image-3712\" src=\"http:\/\/avar.fr\/wp-content\/uploads\/2021\/11\/DSC_0005-300x199.jpg\" alt=\"\" width=\"300\" height=\"199\" srcset=\"http:\/\/avar.fr\/wp-content\/uploads\/2021\/11\/DSC_0005-300x199.jpg 300w, http:\/\/avar.fr\/wp-content\/uploads\/2021\/11\/DSC_0005-768x509.jpg 768w, http:\/\/avar.fr\/wp-content\/uploads\/2021\/11\/DSC_0005-1024x678.jpg 1024w\" sizes=\"(max-width: 300px) 100vw, 300px\" \/><\/a> <a href=\"http:\/\/avar.fr\/wp-content\/uploads\/2021\/11\/DSC_0010.jpg\"><img decoding=\"async\" loading=\"lazy\" class=\"alignleft size-medium wp-image-3713\" src=\"http:\/\/avar.fr\/wp-content\/uploads\/2021\/11\/DSC_0010-300x199.jpg\" alt=\"\" width=\"300\" height=\"199\" srcset=\"http:\/\/avar.fr\/wp-content\/uploads\/2021\/11\/DSC_0010-300x199.jpg 300w, http:\/\/avar.fr\/wp-content\/uploads\/2021\/11\/DSC_0010-768x509.jpg 768w, http:\/\/avar.fr\/wp-content\/uploads\/2021\/11\/DSC_0010-1024x678.jpg 1024w\" sizes=\"(max-width: 300px) 100vw, 300px\" \/><\/a> <a href=\"http:\/\/avar.fr\/wp-content\/uploads\/2021\/11\/DSC_0016.jpg\"><img decoding=\"async\" loading=\"lazy\" class=\"alignleft size-medium wp-image-3714\" src=\"http:\/\/avar.fr\/wp-content\/uploads\/2021\/11\/DSC_0016-300x199.jpg\" alt=\"\" width=\"300\" height=\"199\" srcset=\"http:\/\/avar.fr\/wp-content\/uploads\/2021\/11\/DSC_0016-300x199.jpg 300w, http:\/\/avar.fr\/wp-content\/uploads\/2021\/11\/DSC_0016-768x509.jpg 768w, http:\/\/avar.fr\/wp-content\/uploads\/2021\/11\/DSC_0016-1024x678.jpg 1024w\" sizes=\"(max-width: 300px) 100vw, 300px\" \/><\/a> <a href=\"http:\/\/avar.fr\/wp-content\/uploads\/2021\/11\/DSC_0017.jpg\"><img decoding=\"async\" loading=\"lazy\" class=\"alignleft size-medium wp-image-3715\" src=\"http:\/\/avar.fr\/wp-content\/uploads\/2021\/11\/DSC_0017-300x199.jpg\" alt=\"\" width=\"300\" height=\"199\" srcset=\"http:\/\/avar.fr\/wp-content\/uploads\/2021\/11\/DSC_0017-300x199.jpg 300w, http:\/\/avar.fr\/wp-content\/uploads\/2021\/11\/DSC_0017-768x509.jpg 768w, http:\/\/avar.fr\/wp-content\/uploads\/2021\/11\/DSC_0017-1024x678.jpg 1024w\" sizes=\"(max-width: 300px) 100vw, 300px\" \/><\/a> <a href=\"http:\/\/avar.fr\/wp-content\/uploads\/2021\/11\/DSC_0019.jpg\"><img decoding=\"async\" loading=\"lazy\" class=\"alignleft size-medium wp-image-3716\" src=\"http:\/\/avar.fr\/wp-content\/uploads\/2021\/11\/DSC_0019-300x199.jpg\" alt=\"\" width=\"300\" height=\"199\" srcset=\"http:\/\/avar.fr\/wp-content\/uploads\/2021\/11\/DSC_0019-300x199.jpg 300w, http:\/\/avar.fr\/wp-content\/uploads\/2021\/11\/DSC_0019-768x509.jpg 768w, http:\/\/avar.fr\/wp-content\/uploads\/2021\/11\/DSC_0019-1024x678.jpg 1024w\" sizes=\"(max-width: 300px) 100vw, 300px\" \/><\/a> <a href=\"http:\/\/avar.fr\/wp-content\/uploads\/2021\/11\/DSC_0021.jpg\"><img decoding=\"async\" loading=\"lazy\" class=\"alignleft size-medium wp-image-3717\" src=\"http:\/\/avar.fr\/wp-content\/uploads\/2021\/11\/DSC_0021-300x199.jpg\" alt=\"\" width=\"300\" height=\"199\" srcset=\"http:\/\/avar.fr\/wp-content\/uploads\/2021\/11\/DSC_0021-300x199.jpg 300w, http:\/\/avar.fr\/wp-content\/uploads\/2021\/11\/DSC_0021-768x509.jpg 768w, http:\/\/avar.fr\/wp-content\/uploads\/2021\/11\/DSC_0021-1024x678.jpg 1024w\" sizes=\"(max-width: 300px) 100vw, 300px\" \/><\/a> <a href=\"http:\/\/avar.fr\/wp-content\/uploads\/2021\/11\/DSC_0022.jpg\"><img decoding=\"async\" loading=\"lazy\" class=\"alignleft size-medium wp-image-3718\" src=\"http:\/\/avar.fr\/wp-content\/uploads\/2021\/11\/DSC_0022-300x199.jpg\" alt=\"\" width=\"300\" height=\"199\" srcset=\"http:\/\/avar.fr\/wp-content\/uploads\/2021\/11\/DSC_0022-300x199.jpg 300w, http:\/\/avar.fr\/wp-content\/uploads\/2021\/11\/DSC_0022-768x509.jpg 768w, http:\/\/avar.fr\/wp-content\/uploads\/2021\/11\/DSC_0022-1024x678.jpg 1024w\" sizes=\"(max-width: 300px) 100vw, 300px\" \/><\/a> <a href=\"http:\/\/avar.fr\/wp-content\/uploads\/2021\/11\/DSC_0025.jpg\"><img decoding=\"async\" loading=\"lazy\" class=\"alignleft size-medium wp-image-3719\" src=\"http:\/\/avar.fr\/wp-content\/uploads\/2021\/11\/DSC_0025-300x199.jpg\" alt=\"\" width=\"300\" height=\"199\" srcset=\"http:\/\/avar.fr\/wp-content\/uploads\/2021\/11\/DSC_0025-300x199.jpg 300w, http:\/\/avar.fr\/wp-content\/uploads\/2021\/11\/DSC_0025-768x509.jpg 768w, http:\/\/avar.fr\/wp-content\/uploads\/2021\/11\/DSC_0025-1024x678.jpg 1024w\" sizes=\"(max-width: 300px) 100vw, 300px\" \/><\/a> <a href=\"http:\/\/avar.fr\/wp-content\/uploads\/2021\/11\/DSC_0029.jpg\"><img decoding=\"async\" loading=\"lazy\" class=\"alignleft size-medium wp-image-3720\" src=\"http:\/\/avar.fr\/wp-content\/uploads\/2021\/11\/DSC_0029-300x199.jpg\" alt=\"\" width=\"300\" height=\"199\" srcset=\"http:\/\/avar.fr\/wp-content\/uploads\/2021\/11\/DSC_0029-300x199.jpg 300w, http:\/\/avar.fr\/wp-content\/uploads\/2021\/11\/DSC_0029-768x509.jpg 768w, http:\/\/avar.fr\/wp-content\/uploads\/2021\/11\/DSC_0029-1024x678.jpg 1024w\" sizes=\"(max-width: 300px) 100vw, 300px\" \/><\/a> <a href=\"http:\/\/avar.fr\/wp-content\/uploads\/2021\/11\/DSC_0032.jpg\"><img decoding=\"async\" loading=\"lazy\" class=\"alignleft size-medium wp-image-3721\" src=\"http:\/\/avar.fr\/wp-content\/uploads\/2021\/11\/DSC_0032-300x199.jpg\" alt=\"\" width=\"300\" height=\"199\" srcset=\"http:\/\/avar.fr\/wp-content\/uploads\/2021\/11\/DSC_0032-300x199.jpg 300w, http:\/\/avar.fr\/wp-content\/uploads\/2021\/11\/DSC_0032-768x509.jpg 768w, http:\/\/avar.fr\/wp-content\/uploads\/2021\/11\/DSC_0032-1024x678.jpg 1024w\" sizes=\"(max-width: 300px) 100vw, 300px\" \/><\/a> <a href=\"http:\/\/avar.fr\/wp-content\/uploads\/2021\/11\/DSC_0033.jpg\"><img decoding=\"async\" loading=\"lazy\" class=\"alignleft size-medium wp-image-3722\" src=\"http:\/\/avar.fr\/wp-content\/uploads\/2021\/11\/DSC_0033-300x199.jpg\" alt=\"\" width=\"300\" height=\"199\" srcset=\"http:\/\/avar.fr\/wp-content\/uploads\/2021\/11\/DSC_0033-300x199.jpg 300w, http:\/\/avar.fr\/wp-content\/uploads\/2021\/11\/DSC_0033-768x509.jpg 768w, http:\/\/avar.fr\/wp-content\/uploads\/2021\/11\/DSC_0033-1024x678.jpg 1024w\" sizes=\"(max-width: 300px) 100vw, 300px\" \/><\/a> <a href=\"http:\/\/avar.fr\/wp-content\/uploads\/2021\/11\/DSC_0035.jpg\"><img decoding=\"async\" loading=\"lazy\" class=\"alignleft size-medium wp-image-3723\" src=\"http:\/\/avar.fr\/wp-content\/uploads\/2021\/11\/DSC_0035-300x199.jpg\" alt=\"\" width=\"300\" height=\"199\" srcset=\"http:\/\/avar.fr\/wp-content\/uploads\/2021\/11\/DSC_0035-300x199.jpg 300w, http:\/\/avar.fr\/wp-content\/uploads\/2021\/11\/DSC_0035-768x509.jpg 768w, http:\/\/avar.fr\/wp-content\/uploads\/2021\/11\/DSC_0035-1024x678.jpg 1024w\" sizes=\"(max-width: 300px) 100vw, 300px\" \/><\/a> <a href=\"http:\/\/avar.fr\/wp-content\/uploads\/2021\/11\/DSC_0039.jpg\"><img decoding=\"async\" loading=\"lazy\" class=\"alignleft size-medium wp-image-3724\" src=\"http:\/\/avar.fr\/wp-content\/uploads\/2021\/11\/DSC_0039-300x199.jpg\" alt=\"\" width=\"300\" height=\"199\" srcset=\"http:\/\/avar.fr\/wp-content\/uploads\/2021\/11\/DSC_0039-300x199.jpg 300w, http:\/\/avar.fr\/wp-content\/uploads\/2021\/11\/DSC_0039-768x509.jpg 768w, http:\/\/avar.fr\/wp-content\/uploads\/2021\/11\/DSC_0039-1024x678.jpg 1024w\" sizes=\"(max-width: 300px) 100vw, 300px\" \/><\/a> <a href=\"http:\/\/avar.fr\/wp-content\/uploads\/2021\/11\/DSC_0040.jpg\"><img decoding=\"async\" loading=\"lazy\" class=\"alignleft size-medium wp-image-3725\" src=\"http:\/\/avar.fr\/wp-content\/uploads\/2021\/11\/DSC_0040-300x199.jpg\" alt=\"\" width=\"300\" height=\"199\" srcset=\"http:\/\/avar.fr\/wp-content\/uploads\/2021\/11\/DSC_0040-300x199.jpg 300w, http:\/\/avar.fr\/wp-content\/uploads\/2021\/11\/DSC_0040-768x509.jpg 768w, http:\/\/avar.fr\/wp-content\/uploads\/2021\/11\/DSC_0040-1024x678.jpg 1024w\" sizes=\"(max-width: 300px) 100vw, 300px\" \/><\/a> <a href=\"http:\/\/avar.fr\/wp-content\/uploads\/2021\/11\/DSC_0041.jpg\"><img decoding=\"async\" loading=\"lazy\" class=\"alignleft size-medium wp-image-3726\" src=\"http:\/\/avar.fr\/wp-content\/uploads\/2021\/11\/DSC_0041-300x199.jpg\" alt=\"\" width=\"300\" height=\"199\" srcset=\"http:\/\/avar.fr\/wp-content\/uploads\/2021\/11\/DSC_0041-300x199.jpg 300w, http:\/\/avar.fr\/wp-content\/uploads\/2021\/11\/DSC_0041-768x509.jpg 768w, http:\/\/avar.fr\/wp-content\/uploads\/2021\/11\/DSC_0041-1024x678.jpg 1024w\" sizes=\"(max-width: 300px) 100vw, 300px\" \/><\/a> <a href=\"http:\/\/avar.fr\/wp-content\/uploads\/2021\/11\/DSC_0052.jpg\"><img decoding=\"async\" loading=\"lazy\" class=\"alignleft size-medium wp-image-3727\" src=\"http:\/\/avar.fr\/wp-content\/uploads\/2021\/11\/DSC_0052-300x199.jpg\" alt=\"\" width=\"300\" height=\"199\" srcset=\"http:\/\/avar.fr\/wp-content\/uploads\/2021\/11\/DSC_0052-300x199.jpg 300w, http:\/\/avar.fr\/wp-content\/uploads\/2021\/11\/DSC_0052-768x509.jpg 768w, http:\/\/avar.fr\/wp-content\/uploads\/2021\/11\/DSC_0052-1024x678.jpg 1024w\" sizes=\"(max-width: 300px) 100vw, 300px\" \/><\/a> <a href=\"http:\/\/avar.fr\/wp-content\/uploads\/2021\/11\/DSC_0053.jpg\"><img decoding=\"async\" loading=\"lazy\" class=\"alignleft size-medium wp-image-3728\" src=\"http:\/\/avar.fr\/wp-content\/uploads\/2021\/11\/DSC_0053-300x199.jpg\" alt=\"\" width=\"300\" height=\"199\" srcset=\"http:\/\/avar.fr\/wp-content\/uploads\/2021\/11\/DSC_0053-300x199.jpg 300w, http:\/\/avar.fr\/wp-content\/uploads\/2021\/11\/DSC_0053-768x509.jpg 768w, http:\/\/avar.fr\/wp-content\/uploads\/2021\/11\/DSC_0053-1024x678.jpg 1024w\" sizes=\"(max-width: 300px) 100vw, 300px\" \/><\/a> <a href=\"http:\/\/avar.fr\/wp-content\/uploads\/2021\/11\/DSC_0056.jpg\"><img decoding=\"async\" loading=\"lazy\" class=\"alignleft size-medium wp-image-3729\" src=\"http:\/\/avar.fr\/wp-content\/uploads\/2021\/11\/DSC_0056-300x199.jpg\" alt=\"\" width=\"300\" height=\"199\" srcset=\"http:\/\/avar.fr\/wp-content\/uploads\/2021\/11\/DSC_0056-300x199.jpg 300w, http:\/\/avar.fr\/wp-content\/uploads\/2021\/11\/DSC_0056-768x509.jpg 768w, http:\/\/avar.fr\/wp-content\/uploads\/2021\/11\/DSC_0056-1024x678.jpg 1024w\" sizes=\"(max-width: 300px) 100vw, 300px\" \/><\/a> <a href=\"http:\/\/avar.fr\/wp-content\/uploads\/2021\/11\/DSC_0063.jpg\"><img decoding=\"async\" loading=\"lazy\" class=\"alignleft size-medium wp-image-3730\" src=\"http:\/\/avar.fr\/wp-content\/uploads\/2021\/11\/DSC_0063-300x199.jpg\" alt=\"\" width=\"300\" height=\"199\" srcset=\"http:\/\/avar.fr\/wp-content\/uploads\/2021\/11\/DSC_0063-300x199.jpg 300w, http:\/\/avar.fr\/wp-content\/uploads\/2021\/11\/DSC_0063-768x509.jpg 768w, http:\/\/avar.fr\/wp-content\/uploads\/2021\/11\/DSC_0063-1024x678.jpg 1024w\" sizes=\"(max-width: 300px) 100vw, 300px\" \/><\/a> <a href=\"http:\/\/avar.fr\/wp-content\/uploads\/2021\/11\/DSC_0065.jpg\"><img decoding=\"async\" loading=\"lazy\" class=\"alignleft size-medium wp-image-3731\" src=\"http:\/\/avar.fr\/wp-content\/uploads\/2021\/11\/DSC_0065-300x199.jpg\" alt=\"\" width=\"300\" height=\"199\" srcset=\"http:\/\/avar.fr\/wp-content\/uploads\/2021\/11\/DSC_0065-300x199.jpg 300w, http:\/\/avar.fr\/wp-content\/uploads\/2021\/11\/DSC_0065-768x509.jpg 768w, http:\/\/avar.fr\/wp-content\/uploads\/2021\/11\/DSC_0065-1024x678.jpg 1024w\" sizes=\"(max-width: 300px) 100vw, 300px\" \/><\/a> <a href=\"http:\/\/avar.fr\/wp-content\/uploads\/2021\/11\/DSC_0067.jpg\"><img decoding=\"async\" loading=\"lazy\" class=\"alignleft size-medium wp-image-3732\" src=\"http:\/\/avar.fr\/wp-content\/uploads\/2021\/11\/DSC_0067-300x199.jpg\" alt=\"\" width=\"300\" height=\"199\" srcset=\"http:\/\/avar.fr\/wp-content\/uploads\/2021\/11\/DSC_0067-300x199.jpg 300w, http:\/\/avar.fr\/wp-content\/uploads\/2021\/11\/DSC_0067-768x509.jpg 768w, http:\/\/avar.fr\/wp-content\/uploads\/2021\/11\/DSC_0067-1024x678.jpg 1024w\" sizes=\"(max-width: 300px) 100vw, 300px\" \/><\/a> <a href=\"http:\/\/avar.fr\/wp-content\/uploads\/2021\/11\/DSC_0068.jpg\"><img decoding=\"async\" loading=\"lazy\" class=\"alignleft size-medium wp-image-3733\" src=\"http:\/\/avar.fr\/wp-content\/uploads\/2021\/11\/DSC_0068-300x199.jpg\" alt=\"\" width=\"300\" height=\"199\" srcset=\"http:\/\/avar.fr\/wp-content\/uploads\/2021\/11\/DSC_0068-300x199.jpg 300w, http:\/\/avar.fr\/wp-content\/uploads\/2021\/11\/DSC_0068-768x509.jpg 768w, http:\/\/avar.fr\/wp-content\/uploads\/2021\/11\/DSC_0068-1024x678.jpg 1024w\" sizes=\"(max-width: 300px) 100vw, 300px\" \/><\/a> <a href=\"http:\/\/avar.fr\/wp-content\/uploads\/2021\/11\/DSC_0069.jpg\"><img decoding=\"async\" loading=\"lazy\" class=\"alignleft size-medium wp-image-3734\" src=\"http:\/\/avar.fr\/wp-content\/uploads\/2021\/11\/DSC_0069-300x199.jpg\" alt=\"\" width=\"300\" height=\"199\" srcset=\"http:\/\/avar.fr\/wp-content\/uploads\/2021\/11\/DSC_0069-300x199.jpg 300w, http:\/\/avar.fr\/wp-content\/uploads\/2021\/11\/DSC_0069-768x509.jpg 768w, http:\/\/avar.fr\/wp-content\/uploads\/2021\/11\/DSC_0069-1024x678.jpg 1024w\" sizes=\"(max-width: 300px) 100vw, 300px\" \/><\/a> <a href=\"http:\/\/avar.fr\/wp-content\/uploads\/2021\/11\/DSC_0071.jpg\"><img decoding=\"async\" loading=\"lazy\" class=\"alignleft size-medium wp-image-3735\" src=\"http:\/\/avar.fr\/wp-content\/uploads\/2021\/11\/DSC_0071-300x199.jpg\" alt=\"\" width=\"300\" height=\"199\" srcset=\"http:\/\/avar.fr\/wp-content\/uploads\/2021\/11\/DSC_0071-300x199.jpg 300w, http:\/\/avar.fr\/wp-content\/uploads\/2021\/11\/DSC_0071-768x509.jpg 768w, http:\/\/avar.fr\/wp-content\/uploads\/2021\/11\/DSC_0071-1024x678.jpg 1024w\" sizes=\"(max-width: 300px) 100vw, 300px\" \/><\/a> <a href=\"http:\/\/avar.fr\/wp-content\/uploads\/2021\/11\/DSC_0078.jpg\"><img decoding=\"async\" loading=\"lazy\" class=\"alignleft size-medium wp-image-3736\" src=\"http:\/\/avar.fr\/wp-content\/uploads\/2021\/11\/DSC_0078-300x199.jpg\" alt=\"\" width=\"300\" height=\"199\" srcset=\"http:\/\/avar.fr\/wp-content\/uploads\/2021\/11\/DSC_0078-300x199.jpg 300w, http:\/\/avar.fr\/wp-content\/uploads\/2021\/11\/DSC_0078-768x509.jpg 768w, http:\/\/avar.fr\/wp-content\/uploads\/2021\/11\/DSC_0078-1024x678.jpg 1024w\" sizes=\"(max-width: 300px) 100vw, 300px\" \/><\/a> <a href=\"http:\/\/avar.fr\/wp-content\/uploads\/2021\/11\/DSC_0079.jpg\"><img decoding=\"async\" loading=\"lazy\" class=\"alignleft size-medium wp-image-3737\" src=\"http:\/\/avar.fr\/wp-content\/uploads\/2021\/11\/DSC_0079-300x199.jpg\" alt=\"\" width=\"300\" height=\"199\" srcset=\"http:\/\/avar.fr\/wp-content\/uploads\/2021\/11\/DSC_0079-300x199.jpg 300w, http:\/\/avar.fr\/wp-content\/uploads\/2021\/11\/DSC_0079-768x509.jpg 768w, http:\/\/avar.fr\/wp-content\/uploads\/2021\/11\/DSC_0079-1024x678.jpg 1024w\" sizes=\"(max-width: 300px) 100vw, 300px\" \/><\/a> <a href=\"http:\/\/avar.fr\/wp-content\/uploads\/2021\/11\/DSC_0080.jpg\"><img decoding=\"async\" loading=\"lazy\" class=\"alignleft size-medium wp-image-3738\" src=\"http:\/\/avar.fr\/wp-content\/uploads\/2021\/11\/DSC_0080-300x199.jpg\" alt=\"\" width=\"300\" height=\"199\" srcset=\"http:\/\/avar.fr\/wp-content\/uploads\/2021\/11\/DSC_0080-300x199.jpg 300w, http:\/\/avar.fr\/wp-content\/uploads\/2021\/11\/DSC_0080-768x509.jpg 768w, http:\/\/avar.fr\/wp-content\/uploads\/2021\/11\/DSC_0080-1024x678.jpg 1024w\" sizes=\"(max-width: 300px) 100vw, 300px\" \/><\/a> <a href=\"http:\/\/avar.fr\/wp-content\/uploads\/2021\/11\/DSC_0084.jpg\"><img decoding=\"async\" loading=\"lazy\" class=\"alignleft size-medium wp-image-3739\" src=\"http:\/\/avar.fr\/wp-content\/uploads\/2021\/11\/DSC_0084-300x199.jpg\" alt=\"\" width=\"300\" height=\"199\" srcset=\"http:\/\/avar.fr\/wp-content\/uploads\/2021\/11\/DSC_0084-300x199.jpg 300w, http:\/\/avar.fr\/wp-content\/uploads\/2021\/11\/DSC_0084-768x509.jpg 768w, http:\/\/avar.fr\/wp-content\/uploads\/2021\/11\/DSC_0084-1024x678.jpg 1024w\" sizes=\"(max-width: 300px) 100vw, 300px\" \/><\/a> <a href=\"http:\/\/avar.fr\/wp-content\/uploads\/2021\/11\/DSC_0090.jpg\"><img decoding=\"async\" loading=\"lazy\" class=\"alignleft size-medium wp-image-3740\" src=\"http:\/\/avar.fr\/wp-content\/uploads\/2021\/11\/DSC_0090-300x199.jpg\" alt=\"\" width=\"300\" height=\"199\" srcset=\"http:\/\/avar.fr\/wp-content\/uploads\/2021\/11\/DSC_0090-300x199.jpg 300w, http:\/\/avar.fr\/wp-content\/uploads\/2021\/11\/DSC_0090-768x509.jpg 768w, http:\/\/avar.fr\/wp-content\/uploads\/2021\/11\/DSC_0090-1024x678.jpg 1024w\" sizes=\"(max-width: 300px) 100vw, 300px\" \/><\/a> <a href=\"http:\/\/avar.fr\/wp-content\/uploads\/2021\/11\/DSC_0091.jpg\"><img decoding=\"async\" loading=\"lazy\" class=\"alignleft size-medium wp-image-3741\" src=\"http:\/\/avar.fr\/wp-content\/uploads\/2021\/11\/DSC_0091-300x199.jpg\" alt=\"\" width=\"300\" height=\"199\" srcset=\"http:\/\/avar.fr\/wp-content\/uploads\/2021\/11\/DSC_0091-300x199.jpg 300w, http:\/\/avar.fr\/wp-content\/uploads\/2021\/11\/DSC_0091-768x509.jpg 768w, http:\/\/avar.fr\/wp-content\/uploads\/2021\/11\/DSC_0091-1024x678.jpg 1024w\" sizes=\"(max-width: 300px) 100vw, 300px\" \/><\/a> <a href=\"http:\/\/avar.fr\/wp-content\/uploads\/2021\/11\/DSC_0095.jpg\"><img decoding=\"async\" loading=\"lazy\" class=\"alignleft size-medium wp-image-3742\" src=\"http:\/\/avar.fr\/wp-content\/uploads\/2021\/11\/DSC_0095-300x199.jpg\" alt=\"\" width=\"300\" height=\"199\" srcset=\"http:\/\/avar.fr\/wp-content\/uploads\/2021\/11\/DSC_0095-300x199.jpg 300w, http:\/\/avar.fr\/wp-content\/uploads\/2021\/11\/DSC_0095-768x509.jpg 768w, http:\/\/avar.fr\/wp-content\/uploads\/2021\/11\/DSC_0095-1024x678.jpg 1024w\" sizes=\"(max-width: 300px) 100vw, 300px\" \/><\/a> <a href=\"http:\/\/avar.fr\/wp-content\/uploads\/2021\/11\/DSC_0099.jpg\"><img decoding=\"async\" loading=\"lazy\" class=\"alignleft size-medium wp-image-3743\" src=\"http:\/\/avar.fr\/wp-content\/uploads\/2021\/11\/DSC_0099-300x199.jpg\" alt=\"\" width=\"300\" height=\"199\" srcset=\"http:\/\/avar.fr\/wp-content\/uploads\/2021\/11\/DSC_0099-300x199.jpg 300w, http:\/\/avar.fr\/wp-content\/uploads\/2021\/11\/DSC_0099-768x509.jpg 768w, http:\/\/avar.fr\/wp-content\/uploads\/2021\/11\/DSC_0099-1024x678.jpg 1024w\" sizes=\"(max-width: 300px) 100vw, 300px\" \/><\/a> <a href=\"http:\/\/avar.fr\/wp-content\/uploads\/2021\/11\/DSC_0103.jpg\"><img decoding=\"async\" loading=\"lazy\" class=\"alignleft size-medium wp-image-3744\" src=\"http:\/\/avar.fr\/wp-content\/uploads\/2021\/11\/DSC_0103-300x199.jpg\" alt=\"\" width=\"300\" height=\"199\" srcset=\"http:\/\/avar.fr\/wp-content\/uploads\/2021\/11\/DSC_0103-300x199.jpg 300w, http:\/\/avar.fr\/wp-content\/uploads\/2021\/11\/DSC_0103-768x509.jpg 768w, http:\/\/avar.fr\/wp-content\/uploads\/2021\/11\/DSC_0103-1024x678.jpg 1024w\" sizes=\"(max-width: 300px) 100vw, 300px\" \/><\/a> <a href=\"http:\/\/avar.fr\/wp-content\/uploads\/2021\/11\/DSC_0104.jpg\"><img decoding=\"async\" loading=\"lazy\" class=\"alignleft size-medium wp-image-3745\" src=\"http:\/\/avar.fr\/wp-content\/uploads\/2021\/11\/DSC_0104-300x199.jpg\" alt=\"\" width=\"300\" height=\"199\" srcset=\"http:\/\/avar.fr\/wp-content\/uploads\/2021\/11\/DSC_0104-300x199.jpg 300w, http:\/\/avar.fr\/wp-content\/uploads\/2021\/11\/DSC_0104-768x509.jpg 768w, http:\/\/avar.fr\/wp-content\/uploads\/2021\/11\/DSC_0104-1024x678.jpg 1024w\" sizes=\"(max-width: 300px) 100vw, 300px\" \/><\/a> <a href=\"http:\/\/avar.fr\/wp-content\/uploads\/2021\/11\/DSC_0109.jpg\"><img decoding=\"async\" loading=\"lazy\" class=\"alignleft size-medium wp-image-3746\" src=\"http:\/\/avar.fr\/wp-content\/uploads\/2021\/11\/DSC_0109-300x199.jpg\" alt=\"\" width=\"300\" height=\"199\" srcset=\"http:\/\/avar.fr\/wp-content\/uploads\/2021\/11\/DSC_0109-300x199.jpg 300w, http:\/\/avar.fr\/wp-content\/uploads\/2021\/11\/DSC_0109-768x509.jpg 768w, http:\/\/avar.fr\/wp-content\/uploads\/2021\/11\/DSC_0109-1024x678.jpg 1024w\" sizes=\"(max-width: 300px) 100vw, 300px\" \/><\/a> <a href=\"http:\/\/avar.fr\/wp-content\/uploads\/2021\/11\/DSC_0111.jpg\"><img decoding=\"async\" loading=\"lazy\" class=\"alignleft size-medium wp-image-3747\" src=\"http:\/\/avar.fr\/wp-content\/uploads\/2021\/11\/DSC_0111-300x199.jpg\" alt=\"\" width=\"300\" height=\"199\" srcset=\"http:\/\/avar.fr\/wp-content\/uploads\/2021\/11\/DSC_0111-300x199.jpg 300w, http:\/\/avar.fr\/wp-content\/uploads\/2021\/11\/DSC_0111-768x509.jpg 768w, http:\/\/avar.fr\/wp-content\/uploads\/2021\/11\/DSC_0111-1024x678.jpg 1024w\" sizes=\"(max-width: 300px) 100vw, 300px\" \/><\/a>Tr\u00e8s belle sortie (toujours organis\u00e9e par Paul) nous menant par la cote vers Selva del Mar et le monast\u00e8re St PERE DE RODES.<\/p>\n","protected":false},"excerpt":{"rendered":"<p>Tr\u00e8s belle sortie (toujours organis\u00e9e par Paul) nous menant par la cote vers Selva del Mar et le monast\u00e8re St PERE DE RODES.<\/p>\n","protected":false},"author":1,"featured_media":0,"parent":196,"menu_order":0,"comment_status":"closed","ping_status":"closed","template":"","meta":[],"_links":{"self":[{"href":"http:\/\/avar.fr\/index.php?rest_route=\/wp\/v2\/pages\/3707"}],"collection":[{"href":"http:\/\/avar.fr\/index.php?rest_route=\/wp\/v2\/pages"}],"about":[{"href":"http:\/\/avar.fr\/index.php?rest_route=\/wp\/v2\/types\/page"}],"author":[{"embeddable":true,"href":"http:\/\/avar.fr\/index.php?rest_route=\/wp\/v2\/users\/1"}],"replies":[{"embeddable":true,"href":"http:\/\/avar.fr\/index.php?rest_route=%2Fwp%2Fv2%2Fcomments&post=3707"}],"version-history":[{"count":1,"href":"http:\/\/avar.fr\/index.php?rest_route=\/wp\/v2\/pages\/3707\/revisions"}],"predecessor-version":[{"id":3748,"href":"http:\/\/avar.fr\/index.php?rest_route=\/wp\/v2\/pages\/3707\/revisions\/3748"}],"up":[{"embeddable":true,"href":"http:\/\/avar.fr\/index.php?rest_route=\/wp\/v2\/pages\/196"}],"wp:attachment":[{"href":"http:\/\/avar.fr\/index.php?rest_route=%2Fwp%2Fv2%2Fmedia&parent=3707"}],"curies":[{"name":"wp","href":"https:\/\/api.w.org\/{rel}","templated":true}]}}