{"id":3752,"date":"2021-11-05T09:32:44","date_gmt":"2021-11-05T08:32:44","guid":{"rendered":"http:\/\/avar.fr\/?page_id=3752"},"modified":"2021-11-05T09:55:15","modified_gmt":"2021-11-05T08:55:15","slug":"calendrier-2022","status":"publish","type":"page","link":"http:\/\/avar.fr\/?page_id=3752","title":{"rendered":"Calendrier 2022"},"content":{"rendered":"<div class=\"entry-content\">\n<h2>Janvier 2022<\/h2>\n<ul>\n<li>2 janvier : Rassemblement Carr\u00e9 d\u2019Or<\/li>\n<li>13 janvier : R\u00e9union \u00ab\u00a0Galette des rois\u00a0\u00bb au CPCR de Canet.<\/li>\n<\/ul>\n<h2>F\u00e9vrier 2022<\/h2>\n<ul>\n<li>2 au 6 f\u00e9vrier R\u00e9tromobile PARIS<\/li>\n<li>3 f\u00e9vrier : R\u00e9union mensuelle du club \u00e0 l&rsquo;ACR<\/li>\n<li>6 f\u00e9vrier : Rassemblement Carr\u00e9 d\u2019Or<\/li>\n<\/ul>\n<h2>Mars 2022<\/h2>\n<ul>\n<li>3 mars : R\u00e9union mensuelle du club \u00e0 l&rsquo;ACR<\/li>\n<li>6 mars : Rassemblement Carr\u00e9 d\u2019Or<\/li>\n<\/ul>\n<h2>Avril 2022<\/h2>\n<ul>\n<li>3 avril : Rassemblement Carr\u00e9 d\u2019Or<\/li>\n<li>7 avril : R\u00e9union mensuelle du club \u00e0 l&rsquo;ACR<\/li>\n<li>8 au 10 avril : Montpellier Motor Festival (remplace le salon d&rsquo;Avignon)<\/li>\n<li>25 au 30 avril 2022 : Tour Auto<\/li>\n<\/ul>\n<h2>Mai 2022<\/h2>\n<ul>\n<li>1 mai : Rassemblement Carr\u00e9 d\u2019Or<\/li>\n<li>5 mai : R\u00e9union mensuelle du club \u00e0 l&rsquo;ACR<\/li>\n<li>13 au 15 mai : 13e Grand Prix de Monaco Historique<\/li>\n<\/ul>\n<h2>Juin 2022<\/h2>\n<ul>\n<li>2 juin : R\u00e9union mensuelle du club \u00e0 l&rsquo;ACR<\/li>\n<li>5 juin : Rassemblement Carr\u00e9 d\u2019Or<\/li>\n<li>14 au 19 juin : Mille Miglia<\/li>\n<li>30 juin au 4 juillet : LE MANS CLASSIC<\/li>\n<\/ul>\n<h2>Juillet 2022<\/h2>\n<ul>\n<li>3 juillet : Rassemblement Carr\u00e9 d\u2019Or<\/li>\n<li>7 juillet : R\u00e9union mensuelle du club \u00e0 l&rsquo;ACR<\/li>\n<\/ul>\n<h2>Aout 2022<\/h2>\n<ul>\n<li>4 aout : R\u00e9union mensuelle du club \u00e0 l&rsquo;ACR<\/li>\n<li>7 aout : Rassemblement Carr\u00e9 d\u2019Or<\/li>\n<\/ul>\n<h2>Septembre 2022<\/h2>\n<ul>\n<li>1 septembre : R\u00e9union mensuelle du club \u00e0 l&rsquo;ACR<\/li>\n<li>4 septembre : Rassemblement Carr\u00e9 d\u2019Or<\/li>\n<li>18 septembre : 7\u00e8me travers\u00e9e de Perpignan<\/li>\n<\/ul>\n<h2>Octobre 2022<\/h2>\n<ul>\n<li>2 octobre : Rassemblement Carr\u00e9 d\u2019Or<\/li>\n<li>6 octobre : R\u00e9union mensuelle du club \u00e0 l&rsquo;ACR<\/li>\n<\/ul>\n<h2>Novembre 2022<\/h2>\n<ul>\n<li>3 novembre : R\u00e9union mensuelle du club \u00e0 l&rsquo;ACR<\/li>\n<li>6 novembre : Rassemblement Carr\u00e9 d\u2019Or<\/li>\n<\/ul>\n<h2>D\u00e9cembre 2022<\/h2>\n<ul>\n<li>1 d\u00e9cembre : R\u00e9union mensuelle du club \u00e0 l&rsquo;ACR<\/li>\n<li>4 d\u00e9cembre : Rassemblement Carr\u00e9 d\u2019Or<\/li>\n<\/ul>\n<\/div>\n","protected":false},"excerpt":{"rendered":"<p>Janvier 2022 2 janvier : Rassemblement Carr\u00e9 d\u2019Or 13 janvier : R\u00e9union \u00ab\u00a0Galette des rois\u00a0\u00bb au CPCR de Canet. F\u00e9vrier 2022 2 au 6 f\u00e9vrier R\u00e9tromobile PARIS 3 f\u00e9vrier : R\u00e9union mensuelle du club \u00e0 l&rsquo;ACR 6 f\u00e9vrier : Rassemblement &hellip; <a href=\"http:\/\/avar.fr\/?page_id=3752\">Continuer la lecture <span class=\"meta-nav\">&rarr;<\/span><\/a><\/p>\n","protected":false},"author":1,"featured_media":0,"parent":0,"menu_order":0,"comment_status":"closed","ping_status":"closed","template":"","meta":[],"_links":{"self":[{"href":"http:\/\/avar.fr\/index.php?rest_route=\/wp\/v2\/pages\/3752"}],"collection":[{"href":"http:\/\/avar.fr\/index.php?rest_route=\/wp\/v2\/pages"}],"about":[{"href":"http:\/\/avar.fr\/index.php?rest_route=\/wp\/v2\/types\/page"}],"author":[{"embeddable":true,"href":"http:\/\/avar.fr\/index.php?rest_route=\/wp\/v2\/users\/1"}],"replies":[{"embeddable":true,"href":"http:\/\/avar.fr\/index.php?rest_route=%2Fwp%2Fv2%2Fcomments&post=3752"}],"version-history":[{"count":8,"href":"http:\/\/avar.fr\/index.php?rest_route=\/wp\/v2\/pages\/3752\/revisions"}],"predecessor-version":[{"id":3763,"href":"http:\/\/avar.fr\/index.php?rest_route=\/wp\/v2\/pages\/3752\/revisions\/3763"}],"wp:attachment":[{"href":"http:\/\/avar.fr\/index.php?rest_route=%2Fwp%2Fv2%2Fmedia&parent=3752"}],"curies":[{"name":"wp","href":"https:\/\/api.w.org\/{rel}","templated":true}]}}