{"id":628,"date":"2013-09-03T17:34:30","date_gmt":"2013-09-03T16:34:30","guid":{"rendered":"http:\/\/127.0.0.1\/wordpress\/?page_id=628"},"modified":"2025-12-15T16:15:49","modified_gmt":"2025-12-15T15:15:49","slug":"lassociation","status":"publish","type":"page","link":"http:\/\/avar.fr\/?page_id=628","title":{"rendered":"L&rsquo;Association"},"content":{"rendered":"<p style=\"text-align: justify;\">L&rsquo;<span style=\"color: #0000ff;\">AVAR<\/span> (Les Amateurs de V\u00e9hicules Anciens du Roussillon) association loi de 1901, a \u00e9t\u00e9 cr\u00e9\u00e9e en 1971 et n&rsquo;a cess\u00e9 d&rsquo;\u0153uvrer pour la promotion et la d\u00e9fense de l&rsquo;automobile ancienne depuis lors. Situ\u00e9e \u00e0 Perpignan l&rsquo;AVAR regroupe aujourd&rsquo;hui 60 adh\u00e9rents. Elle organise toutes sortes de manifestations, de sorties et de voyages pour la communaut\u00e9 des collectionneurs.<\/p>\n<p><span style=\"color: #0000ff;\">Administration de l&rsquo;AVAR 2026<\/span><\/p>\n<ul>\n<li>Pr\u00e9sident : Paul SALY<\/li>\n<li>Pr\u00e9sident d&rsquo;honneur : Georges BILLES<\/li>\n<li>Tr\u00e9sorier : Christian AURIACH<\/li>\n<li>Secr\u00e9taire : Patrick DELHAYE<\/li>\n<li>Membres du bureau : Jean-Michel FERRIER, Robert RIGUAL<\/li>\n<li>Administrateurs : Andr\u00e9 KLEIN, Francisco MATEO, Guy ROCHER, Jean-Pierre JASMIN, Laurent MORIO, Philippe GUILLEMAT<\/li>\n<\/ul>\n<p>&nbsp;<\/p>\n","protected":false},"excerpt":{"rendered":"<p>L&rsquo;AVAR (Les Amateurs de V\u00e9hicules Anciens du Roussillon) association loi de 1901, a \u00e9t\u00e9 cr\u00e9\u00e9e en 1971 et n&rsquo;a cess\u00e9 d&rsquo;\u0153uvrer pour la promotion et la d\u00e9fense de l&rsquo;automobile ancienne depuis lors. Situ\u00e9e \u00e0 Perpignan l&rsquo;AVAR regroupe aujourd&rsquo;hui 60 adh\u00e9rents. &hellip; <a href=\"http:\/\/avar.fr\/?page_id=628\">Continuer la lecture <span class=\"meta-nav\">&rarr;<\/span><\/a><\/p>\n","protected":false},"author":1,"featured_media":0,"parent":0,"menu_order":0,"comment_status":"closed","ping_status":"open","template":"","meta":[],"_links":{"self":[{"href":"http:\/\/avar.fr\/index.php?rest_route=\/wp\/v2\/pages\/628"}],"collection":[{"href":"http:\/\/avar.fr\/index.php?rest_route=\/wp\/v2\/pages"}],"about":[{"href":"http:\/\/avar.fr\/index.php?rest_route=\/wp\/v2\/types\/page"}],"author":[{"embeddable":true,"href":"http:\/\/avar.fr\/index.php?rest_route=\/wp\/v2\/users\/1"}],"replies":[{"embeddable":true,"href":"http:\/\/avar.fr\/index.php?rest_route=%2Fwp%2Fv2%2Fcomments&post=628"}],"version-history":[{"count":17,"href":"http:\/\/avar.fr\/index.php?rest_route=\/wp\/v2\/pages\/628\/revisions"}],"predecessor-version":[{"id":11758,"href":"http:\/\/avar.fr\/index.php?rest_route=\/wp\/v2\/pages\/628\/revisions\/11758"}],"wp:attachment":[{"href":"http:\/\/avar.fr\/index.php?rest_route=%2Fwp%2Fv2%2Fmedia&parent=628"}],"curies":[{"name":"wp","href":"https:\/\/api.w.org\/{rel}","templated":true}]}}